{"id":14794,"date":"2023-08-28T18:35:37","date_gmt":"2023-08-28T21:35:37","guid":{"rendered":"https:\/\/voipdobrasil.com.br\/telefonia-cloud\/?page_id=14794"},"modified":"2025-03-17T10:42:43","modified_gmt":"2025-03-17T13:42:43","slug":"pesquisa-de-satisfacao-liberacoes","status":"publish","type":"page","link":"https:\/\/www.voipdobrasil.com.br\/telefonia-cloud\/pesquisa-de-satisfacao-liberacoes\/","title":{"rendered":"Pesquisa de Satisfa\u00e7\u00e3o &#8211; Libera\u00e7\u00f5es"},"content":{"rendered":"","protected":true},"excerpt":{"rendered":"","protected":true},"author":1,"featured_media":0,"parent":0,"menu_order":0,"comment_status":"closed","ping_status":"closed","template":"elementor_canvas","meta":{"footnotes":""},"class_list":["post-14794","page","type-page","status-publish","post-password-required","hentry"],"yoast_head":"<!-- This site is optimized with the Yoast SEO plugin v27.3 - https:\/\/yoast.com\/product\/yoast-seo-wordpress\/ -->\n<title>Pesquisa de Satisfa\u00e7\u00e3o - Libera\u00e7\u00f5es - Voip do Brasil<\/title>\n<meta name=\"robots\" content=\"index, follow, max-snippet:-1, max-image-preview:large, max-video-preview:-1\" \/>\n<link rel=\"canonical\" href=\"https:\/\/www.voipdobrasil.com.br\/telefonia-cloud\/pesquisa-de-satisfacao-liberacoes\/\" \/>\n<meta property=\"og:locale\" content=\"pt_BR\" \/>\n<meta property=\"og:type\" content=\"article\" \/>\n<meta property=\"og:title\" content=\"Pesquisa de Satisfa\u00e7\u00e3o - Libera\u00e7\u00f5es - Voip do Brasil\" \/>\n<meta property=\"og:description\" content=\"N\u00e3o h\u00e1 resumo por ser um post protegido.\" \/>\n<meta property=\"og:url\" content=\"https:\/\/www.voipdobrasil.com.br\/telefonia-cloud\/pesquisa-de-satisfacao-liberacoes\/\" \/>\n<meta property=\"og:site_name\" content=\"Voip do Brasil\" \/>\n<meta property=\"article:publisher\" content=\"https:\/\/www.facebook.com\/voipdobrasil\" \/>\n<meta property=\"article:modified_time\" content=\"2025-03-17T13:42:43+00:00\" \/>\n<meta name=\"twitter:card\" content=\"summary_large_image\" \/>\n<meta name=\"twitter:site\" content=\"@voipdobrasil\" \/>\n<script type=\"application\/ld+json\" class=\"yoast-schema-graph\">{\"@context\":\"https:\\\/\\\/schema.org\",\"@graph\":[{\"@type\":\"WebPage\",\"@id\":\"https:\\\/\\\/www.voipdobrasil.com.br\\\/telefonia-cloud\\\/pesquisa-de-satisfacao-liberacoes\\\/\",\"url\":\"https:\\\/\\\/www.voipdobrasil.com.br\\\/telefonia-cloud\\\/pesquisa-de-satisfacao-liberacoes\\\/\",\"name\":\"Pesquisa de Satisfa\u00e7\u00e3o - Libera\u00e7\u00f5es - Voip do Brasil\",\"isPartOf\":{\"@id\":\"https:\\\/\\\/www.voipdobrasil.com.br\\\/telefonia-cloud\\\/#website\"},\"datePublished\":\"2023-08-28T21:35:37+00:00\",\"dateModified\":\"2025-03-17T13:42:43+00:00\",\"breadcrumb\":{\"@id\":\"https:\\\/\\\/www.voipdobrasil.com.br\\\/telefonia-cloud\\\/pesquisa-de-satisfacao-liberacoes\\\/#breadcrumb\"},\"inLanguage\":\"pt-BR\"},{\"@type\":\"WebSite\",\"@id\":\"https:\\\/\\\/www.voipdobrasil.com.br\\\/telefonia-cloud\\\/#website\",\"url\":\"https:\\\/\\\/www.voipdobrasil.com.br\\\/telefonia-cloud\\\/\",\"name\":\"Voip do Brasil\",\"description\":\"Telefonia Cloud\",\"publisher\":{\"@id\":\"https:\\\/\\\/www.voipdobrasil.com.br\\\/telefonia-cloud\\\/#organization\"},\"potentialAction\":[{\"@type\":\"SearchAction\",\"target\":{\"@type\":\"EntryPoint\",\"urlTemplate\":\"https:\\\/\\\/www.voipdobrasil.com.br\\\/telefonia-cloud\\\/?s={search_term_string}\"},\"query-input\":{\"@type\":\"PropertyValueSpecification\",\"valueRequired\":true,\"valueName\":\"search_term_string\"}}],\"inLanguage\":\"pt-BR\"},{\"@type\":\"Organization\",\"@id\":\"https:\\\/\\\/www.voipdobrasil.com.br\\\/telefonia-cloud\\\/#organization\",\"name\":\"Voip do Brasil\",\"url\":\"https:\\\/\\\/www.voipdobrasil.com.br\\\/telefonia-cloud\\\/\",\"logo\":{\"@type\":\"ImageObject\",\"inLanguage\":\"pt-BR\",\"@id\":\"https:\\\/\\\/www.voipdobrasil.com.br\\\/telefonia-cloud\\\/#\\\/schema\\\/logo\\\/image\\\/\",\"url\":\"https:\\\/\\\/voipdobrasil.com.br\\\/publicidade\\\/wp-content\\\/uploads\\\/2022\\\/06\\\/cropped-logo2020-1.png\",\"contentUrl\":\"https:\\\/\\\/voipdobrasil.com.br\\\/publicidade\\\/wp-content\\\/uploads\\\/2022\\\/06\\\/cropped-logo2020-1.png\",\"width\":277,\"height\":87,\"caption\":\"Voip do Brasil\"},\"image\":{\"@id\":\"https:\\\/\\\/www.voipdobrasil.com.br\\\/telefonia-cloud\\\/#\\\/schema\\\/logo\\\/image\\\/\"},\"sameAs\":[\"https:\\\/\\\/www.facebook.com\\\/voipdobrasil\",\"https:\\\/\\\/x.com\\\/voipdobrasil\",\"https:\\\/\\\/www.instagram.com\\\/voipdobrasil\\\/\",\"https:\\\/\\\/www.linkedin.com\\\/company\\\/voip-do-brasil\\\/?originalSubdomain=br\",\"https:\\\/\\\/www.youtube.com\\\/channel\\\/UCKLS10Ip6bVdjFS-p1qUv1w\\\/videos\"]}]}<\/script>\n<!-- \/ Yoast SEO plugin. -->","yoast_head_json":{"title":"Pesquisa de Satisfa\u00e7\u00e3o - Libera\u00e7\u00f5es - Voip do Brasil","robots":{"index":"index","follow":"follow","max-snippet":"max-snippet:-1","max-image-preview":"max-image-preview:large","max-video-preview":"max-video-preview:-1"},"canonical":"https:\/\/www.voipdobrasil.com.br\/telefonia-cloud\/pesquisa-de-satisfacao-liberacoes\/","og_locale":"pt_BR","og_type":"article","og_title":"Pesquisa de Satisfa\u00e7\u00e3o - Libera\u00e7\u00f5es - Voip do Brasil","og_description":"N\u00e3o h\u00e1 resumo por ser um post protegido.","og_url":"https:\/\/www.voipdobrasil.com.br\/telefonia-cloud\/pesquisa-de-satisfacao-liberacoes\/","og_site_name":"Voip do Brasil","article_publisher":"https:\/\/www.facebook.com\/voipdobrasil","article_modified_time":"2025-03-17T13:42:43+00:00","twitter_card":"summary_large_image","twitter_site":"@voipdobrasil","schema":{"@context":"https:\/\/schema.org","@graph":[{"@type":"WebPage","@id":"https:\/\/www.voipdobrasil.com.br\/telefonia-cloud\/pesquisa-de-satisfacao-liberacoes\/","url":"https:\/\/www.voipdobrasil.com.br\/telefonia-cloud\/pesquisa-de-satisfacao-liberacoes\/","name":"Pesquisa de Satisfa\u00e7\u00e3o - Libera\u00e7\u00f5es - Voip do Brasil","isPartOf":{"@id":"https:\/\/www.voipdobrasil.com.br\/telefonia-cloud\/#website"},"datePublished":"2023-08-28T21:35:37+00:00","dateModified":"2025-03-17T13:42:43+00:00","breadcrumb":{"@id":"https:\/\/www.voipdobrasil.com.br\/telefonia-cloud\/pesquisa-de-satisfacao-liberacoes\/#breadcrumb"},"inLanguage":"pt-BR"},{"@type":"WebSite","@id":"https:\/\/www.voipdobrasil.com.br\/telefonia-cloud\/#website","url":"https:\/\/www.voipdobrasil.com.br\/telefonia-cloud\/","name":"Voip do Brasil","description":"Telefonia Cloud","publisher":{"@id":"https:\/\/www.voipdobrasil.com.br\/telefonia-cloud\/#organization"},"potentialAction":[{"@type":"SearchAction","target":{"@type":"EntryPoint","urlTemplate":"https:\/\/www.voipdobrasil.com.br\/telefonia-cloud\/?s={search_term_string}"},"query-input":{"@type":"PropertyValueSpecification","valueRequired":true,"valueName":"search_term_string"}}],"inLanguage":"pt-BR"},{"@type":"Organization","@id":"https:\/\/www.voipdobrasil.com.br\/telefonia-cloud\/#organization","name":"Voip do Brasil","url":"https:\/\/www.voipdobrasil.com.br\/telefonia-cloud\/","logo":{"@type":"ImageObject","inLanguage":"pt-BR","@id":"https:\/\/www.voipdobrasil.com.br\/telefonia-cloud\/#\/schema\/logo\/image\/","url":"https:\/\/voipdobrasil.com.br\/publicidade\/wp-content\/uploads\/2022\/06\/cropped-logo2020-1.png","contentUrl":"https:\/\/voipdobrasil.com.br\/publicidade\/wp-content\/uploads\/2022\/06\/cropped-logo2020-1.png","width":277,"height":87,"caption":"Voip do Brasil"},"image":{"@id":"https:\/\/www.voipdobrasil.com.br\/telefonia-cloud\/#\/schema\/logo\/image\/"},"sameAs":["https:\/\/www.facebook.com\/voipdobrasil","https:\/\/x.com\/voipdobrasil","https:\/\/www.instagram.com\/voipdobrasil\/","https:\/\/www.linkedin.com\/company\/voip-do-brasil\/?originalSubdomain=br","https:\/\/www.youtube.com\/channel\/UCKLS10Ip6bVdjFS-p1qUv1w\/videos"]}]}},"_links":{"self":[{"href":"https:\/\/www.voipdobrasil.com.br\/telefonia-cloud\/wp-json\/wp\/v2\/pages\/14794","targetHints":{"allow":["GET"]}}],"collection":[{"href":"https:\/\/www.voipdobrasil.com.br\/telefonia-cloud\/wp-json\/wp\/v2\/pages"}],"about":[{"href":"https:\/\/www.voipdobrasil.com.br\/telefonia-cloud\/wp-json\/wp\/v2\/types\/page"}],"author":[{"embeddable":true,"href":"https:\/\/www.voipdobrasil.com.br\/telefonia-cloud\/wp-json\/wp\/v2\/users\/1"}],"replies":[{"embeddable":true,"href":"https:\/\/www.voipdobrasil.com.br\/telefonia-cloud\/wp-json\/wp\/v2\/comments?post=14794"}],"version-history":[{"count":6,"href":"https:\/\/www.voipdobrasil.com.br\/telefonia-cloud\/wp-json\/wp\/v2\/pages\/14794\/revisions"}],"predecessor-version":[{"id":16112,"href":"https:\/\/www.voipdobrasil.com.br\/telefonia-cloud\/wp-json\/wp\/v2\/pages\/14794\/revisions\/16112"}],"wp:attachment":[{"href":"https:\/\/www.voipdobrasil.com.br\/telefonia-cloud\/wp-json\/wp\/v2\/media?parent=14794"}],"curies":[{"name":"wp","href":"https:\/\/api.w.org\/{rel}","templated":true}]}}